{"id":5360,"date":"2024-08-19T16:00:21","date_gmt":"2024-08-19T16:00:21","guid":{"rendered":"https:\/\/www.palugu.com\/impression\/"},"modified":"2024-08-19T16:00:21","modified_gmt":"2024-08-19T16:00:21","slug":"impression","status":"publish","type":"page","link":"https:\/\/www.palugu.com\/fr\/impression\/","title":{"rendered":"Impression"},"content":{"rendered":"<p>[vc_row gap=&#8221;0&#8243; row_scale_bg_onhover=&#8221;yes&#8221;][vc_column row_scale_bg_onhover=&#8221;yes&#8221; parallax=&#8221;yes&#8221; scale_from_x=&#8221;1&#8243; scale_from_y=&#8221;1&#8243; from_opacity=&#8221;1&#8243; scale_to_x=&#8221;1&#8243; scale_to_y=&#8221;1&#8243; to_opacity=&#8221;1&#8243; enable_column_shadowbox=&#8221;yes&#8221; scale_from_z=&#8221;1&#8243; scale_to_z=&#8221;1&#8243; column_box_shadow=&#8221;%5B%7B%22x_offset%22%3A%220%22%2C%22y_offset%22%3A%2250px%22%2C%22blur_radius%22%3A%2280px%22%2C%22shadow_color%22%3A%22rgba(0%2C%200%2C%200%2C%200.2)%22%7D%5D&#8221; css=&#8221;.vc_custom_1724083164407{border-radius: 10px !important;}&#8221; translate_from_y=&#8221;20&#8243; translate_to_y=&#8221;-70&#8243;][vc_row_inner row_scale_bg_onhover=&#8221;yes&#8221; bg_position=&#8221;left center&#8221; enable_overlay=&#8221;yes&#8221; responsive_css=&#8221;padding_top_medium:300px|padding_bottom_medium:75px|padding_left_medium:50px&#8221; css=&#8221;.vc_custom_1724083183658{padding-top: 70px !important;padding-right: 20px !important;padding-bottom: 70px !important;padding-left: 20px !important;background-image: url(http:\/\/www.palugu.com\/wp-content\/uploads\/2024\/08\/annie-spratt-mJSj_VY9Rfw-unsplash.jpg?id=4840) !important;background-position: center !important;background-repeat: no-repeat !important;background-size: cover !important;border-radius: 10px !important;}&#8221; hover_overlay_bg=&#8221;rgba(0, 0, 0, 0.19)&#8221;][vc_column_inner offset=&#8221;vc_col-md-8&#8243; responsive_align=&#8221;text-left&#8221;][ld_fancy_heading tag=&#8221;h2&#8243; ca_init_scale_x=&#8221;1&#8243; ca_init_scale_y=&#8221;1&#8243; ca_init_opacity=&#8221;1&#8243; ca_an_scale_x=&#8221;1&#8243; ca_an_scale_y=&#8221;1&#8243; ca_an_opacity=&#8221;1&#8243; use_custom_fonts_title=&#8221;true&#8221; enable_split=&#8221;true&#8221; enable_fit=&#8221;true&#8221; color=&#8221;rgb(255, 255, 255)&#8221; fs=&#8221;text_large:35px|text_small:30px&#8221; lh=&#8221;text_small:1.26em&#8221; margin=&#8221;bottom_small:0.75em&#8221; compressor=&#8221;0.7&#8243; minfontsize=&#8221;38&#8243;]Palugu Software GmbH[\/ld_fancy_heading][\/vc_column_inner][\/vc_row_inner][\/vc_column][\/vc_row][vc_row full_width=&#8221;stretch_row&#8221; gap=&#8221;0&#8243;][vc_column][\/vc_column][vc_column css=&#8221;.vc_custom_1607955432920{margin-top: -250px !important;}&#8221; responsive_align=&#8221;text-center&#8221;][ld_fancy_heading tag=&#8221;h2&#8243; use_custom_fonts_title=&#8221;true&#8221; color=&#8221;rgb(255, 255, 255)&#8221; fs=&#8221;text_medium:50px&#8221; ls=&#8221;text_small:-0.04em&#8221; fw=&#8221;text_small:900&#8243; margin=&#8221;bottom_small:0px&#8221;]Impression[\/ld_fancy_heading][\/vc_column][\/vc_row][vc_row css=&#8221;.vc_custom_1607955116165{padding-top: 65px !important;padding-bottom: 65px !important;}&#8221;][vc_column enable_content_animation=&#8221;yes&#8221; ca_init_scale_x=&#8221;1&#8243; ca_init_scale_y=&#8221;1&#8243; ca_init_opacity=&#8221;0&#8243; ca_an_scale_x=&#8221;1&#8243; ca_an_scale_y=&#8221;1&#8243; ca_an_opacity=&#8221;1&#8243; align=&#8221;text-center&#8221; offset=&#8221;vc_col-md-offset-3 vc_col-md-6&#8243; css=&#8221;.vc_custom_1577271562832{margin-bottom: 60px !important;}&#8221; responsive_css=&#8221;padding_right_medium:5%25|padding_left_medium:5%25&#8243; ca_duration=&#8221;1800&#8243; ca_delay=&#8221;180&#8243; ca_init_translate_y=&#8221;35&#8243; ca_an_translate_y=&#8221;0&#8243; responsive_align=&#8221;text-center&#8221;][ld_fancy_heading tag=&#8221;h2&#8243;]<\/p>\n<h1>Impressum<\/h1>\n<p>[\/ld_fancy_heading][ld_fancy_heading tag=&#8221;p&#8221; alignment=&#8221;text-left&#8221;]Palugu Software GmbH, Watzmannweg 15 , 12107 Berlin, Allemagne Registergericht : Amtsgericht Berlin Charlottenburg Registernummer : HRB 119563 B Vertretungsberechtigter Gesch\u00e4ftsf\u00fchrer : Clemens Grossmann Umsatzsteuer-Identifikationsnummer gem\u00e4\u00df \u00a7 27 a Umsatzsteuergesetz : DE265142085 Fon : 0151 \/ 22631904 Email : info (at) palugu.com Haftungshinweis : Haftungshinweis Wir sind um Richtigkeit und Aktualit\u00e4t der auf dieser Website bereitgestellten Informationen bem\u00fcht.<br \/>\nToutefois, les erreurs et les d\u00e9fauts peuvent ne pas \u00eatre enti\u00e8rement r\u00e9solus.<br \/>\nNous ne sommes pas responsables de l&#8217;actualit\u00e9, de la pertinence, de l&#8217;exhaustivit\u00e9 ou de la qualit\u00e9 des informations fournies.<br \/>\nNous n&#8217;exer\u00e7ons aucun contr\u00f4le sur les informations contenues dans les liens externes.<br \/>\nPour ce qui est du contenu des pages reli\u00e9es par des liens externes, leur propri\u00e9taire est tenu de s&#8217;y conformer.<br \/>\nMentions l\u00e9gales Palugu est une mention l\u00e9gale de palugu Software GmbH.<br \/>\nTous les autres noms de marques et marques d\u00e9pos\u00e9es sont soumis \u00e0 la protection g\u00e9n\u00e9rale des droits d&#8217;auteur, des marques d\u00e9pos\u00e9es ou des brevets de l&#8217;entreprise concern\u00e9e.        [\/ld_fancy_heading][\/vc_column][vc_column][vc_row_inner enable_content_animation=&#8221;yes&#8221; equal_height=&#8221;yes&#8221; animation_preset=&#8221;Fade In&#8221; ca_duration=&#8221;1800&#8243; ca_delay=&#8221;90&#8243;][vc_column_inner width=&#8221;1\/2&#8243; enable_overlay=&#8221;yes&#8221; offset=&#8221;vc_col-md-3 vc_col-xs-6&#8243; css=&#8221;.vc_custom_1607954944854{margin-bottom: 30px !important;padding-top: 30px !important;padding-right: 15px !important;padding-bottom: 30px !important;padding-left: 15px !important;border-radius: 5px !important;}&#8221; responsive_css=&#8221;padding_right_small:30px|padding_left_small:30px&#8221; hover_overlay_bg=&#8221;rgb(250, 213, 91)&#8221;][ld_fancy_heading tag=&#8221;h3&#8243; use_custom_fonts_title=&#8221;true&#8221; fs=&#8221;text_small:20px&#8221; margin=&#8221;bottom_small:1.5em&#8221; color=&#8221;rgb(34, 34, 50)&#8221;]Berlin[\/ld_fancy_heading][ld_fancy_heading tag=&#8221;p&#8221; use_custom_fonts_title=&#8221;true&#8221; fs=&#8221;text_small:17px&#8221; lh=&#8221;text_small:1.6em&#8221; margin=&#8221;bottom_small:0px&#8221;]Mariendorfer Damm 1[\/ld_fancy_heading][ld_fancy_heading tag=&#8221;p&#8221; use_custom_fonts_title=&#8221;true&#8221; fs=&#8221;text_small:17px&#8221; lh=&#8221;text_small:1.6em&#8221; margin=&#8221;bottom_small:1.25em&#8221;]Tempelhof, Berlin, Allemagne[\/ld_fancy_heading][ld_fancy_heading tag=&#8221;p&#8221; use_custom_fonts_title=&#8221;true&#8221; fs=&#8221;text_small:17px&#8221; lh=&#8221;text_small:1.6em&#8221;]info @ palugu . com[\/ld_fancy_heading][\/vc_column_inner][vc_column_inner width=&#8221;1\/2&#8243; enable_overlay=&#8221;yes&#8221; offset=&#8221;vc_col-md-3 vc_col-xs-6&#8243; css=&#8221;.vc_custom_1607954944854{margin-bottom: 30px !important;padding-top: 30px !important;padding-right: 15px !important;padding-bottom: 30px !important;padding-left: 15px !important;border-radius: 5px !important;}&#8221; responsive_css=&#8221;padding_right_small:30px|padding_left_small:30px&#8221; hover_overlay_bg=&#8221;rgb(250, 213, 91)&#8221;][\/vc_column_inner][vc_column_inner width=&#8221;1\/2&#8243; enable_overlay=&#8221;yes&#8221; offset=&#8221;vc_col-md-3 vc_col-xs-6&#8243; css=&#8221;.vc_custom_1607954944854{margin-bottom: 30px !important;padding-top: 30px !important;padding-right: 15px !important;padding-bottom: 30px !important;padding-left: 15px !important;border-radius: 5px !important;}&#8221; responsive_css=&#8221;padding_right_small:30px|padding_left_small:30px&#8221; hover_overlay_bg=&#8221;rgb(250, 213, 91)&#8221;][\/vc_column_inner][vc_column_inner width=&#8221;1\/2&#8243; enable_overlay=&#8221;yes&#8221; offset=&#8221;vc_col-md-3 vc_col-xs-6&#8243; css=&#8221;.vc_custom_1607954944854{margin-bottom: 30px !important;padding-top: 30px !important;padding-right: 15px !important;padding-bottom: 30px !important;padding-left: 15px !important;border-radius: 5px !important;}&#8221; responsive_css=&#8221;padding_right_small:30px|padding_left_small:30px&#8221; hover_overlay_bg=&#8221;rgb(250, 213, 91)&#8221;][\/vc_column_inner][\/vc_row_inner][\/vc_column][\/vc_row]<\/p>\n","protected":false},"excerpt":{"rendered":"<p>[vc_row gap=&#8221;0&#8243; row_scale_bg_onhover=&#8221;yes&#8221;][vc_column row_scale_bg_onhover=&#8221;yes&#8221; parallax=&#8221;yes&#8221; scale_from_x=&#8221;1&#8243; scale_from_y=&#8221;1&#8243; from_opacity=&#8221;1&#8243; scale_to_x=&#8221;1&#8243; scale_to_y=&#8221;1&#8243; to_opacity=&#8221;1&#8243; enable_column_shadowbox=&#8221;yes&#8221; scale_from_z=&#8221;1&#8243; scale_to_z=&#8221;1&#8243; column_box_shadow=&#8221;%5B%7B%22x_offset%22%3A%220%22%2C%22y_offset%22%3A%2250px%22%2C%22blur_radius%22%3A%2280px%22%2C%22shadow_color%22%3A%22rgba(0%2C%200%2C%200%2C%200.2)%22%7D%5D&#8221; css=&#8221;.vc_custom_1724083164407{border-radius: 10px !important;}&#8221; translate_from_y=&#8221;20&#8243; translate_to_y=&#8221;-70&#8243;][vc_row_inner row_scale_bg_onhover=&#8221;yes&#8221; bg_position=&#8221;left center&#8221; enable_overlay=&#8221;yes&#8221; responsive_css=&#8221;padding_top_medium:300px|padding_bottom_medium:75px|padding_left_medium:50px&#8221; css=&#8221;.vc_custom_1724083183658{padding-top: 70px !important;padding-right: 20px !important;padding-bottom: 70px !important;padding-left: 20px !important;background-image: url(http:\/\/www.palugu.com\/wp-content\/uploads\/2024\/08\/annie-spratt-mJSj_VY9Rfw-unsplash.jpg?id=4840) !important;background-position: center !important;background-repeat: no-repeat !important;background-size: cover !important;border-radius: 10px !important;}&#8221; hover_overlay_bg=&#8221;rgba(0, 0, 0, 0.19)&#8221;][vc_column_inner offset=&#8221;vc_col-md-8&#8243; responsive_align=&#8221;text-left&#8221;][ld_fancy_heading tag=&#8221;h2&#8243; ca_init_scale_x=&#8221;1&#8243; ca_init_scale_y=&#8221;1&#8243; ca_init_opacity=&#8221;1&#8243; ca_an_scale_x=&#8221;1&#8243; [&hellip;]<\/p>\n","protected":false},"author":1,"featured_media":0,"parent":0,"menu_order":0,"comment_status":"closed","ping_status":"closed","template":"","meta":{"footnotes":""},"class_list":["post-5360","page","type-page","status-publish","hentry"],"_links":{"self":[{"href":"https:\/\/www.palugu.com\/fr\/wp-json\/wp\/v2\/pages\/5360","targetHints":{"allow":["GET"]}}],"collection":[{"href":"https:\/\/www.palugu.com\/fr\/wp-json\/wp\/v2\/pages"}],"about":[{"href":"https:\/\/www.palugu.com\/fr\/wp-json\/wp\/v2\/types\/page"}],"author":[{"embeddable":true,"href":"https:\/\/www.palugu.com\/fr\/wp-json\/wp\/v2\/users\/1"}],"replies":[{"embeddable":true,"href":"https:\/\/www.palugu.com\/fr\/wp-json\/wp\/v2\/comments?post=5360"}],"version-history":[{"count":0,"href":"https:\/\/www.palugu.com\/fr\/wp-json\/wp\/v2\/pages\/5360\/revisions"}],"wp:attachment":[{"href":"https:\/\/www.palugu.com\/fr\/wp-json\/wp\/v2\/media?parent=5360"}],"curies":[{"name":"wp","href":"https:\/\/api.w.org\/{rel}","templated":true}]}}