{"id":5843,"date":"2024-08-24T15:01:45","date_gmt":"2024-08-24T15:01:45","guid":{"rendered":"https:\/\/www.palugu.com\/?page_id=5843"},"modified":"2024-08-24T15:01:45","modified_gmt":"2024-08-24T15:01:45","slug":"kreuz-und-quer","status":"publish","type":"page","link":"https:\/\/www.palugu.com\/de\/kreuz-und-quer\/","title":{"rendered":"Kreuz Und Quer"},"content":{"rendered":"<p>[vc_row][vc_column][vc_single_image image=&#8221;5816&#8243; css=&#8221;.vc_custom_1724507651499{margin-top: 120px !important;border-radius: 10px !important;}&#8221;][ld_simple_heading]<\/p>\r\n<p>Kreuz und Quer<\/p>\r\n<p>[\/ld_simple_heading][\/vc_column][\/vc_row][vc_row][vc_column width=&#8221;5\/6&#8243;][vc_column_text]<\/p>\r\n<p><strong>Finde die Worte im Buchstabensalat<\/strong><\/p>\r\n<p>Der Klassiker f\u00fcr das iPhone nun auch auf dem iPad spielbar!<br \/>\r\nZiel des Spieles ist es, Buchstaben schnell zu kombinieren und m\u00f6glichst viele W\u00f6rter zu bilden.<\/p>\r\n<p>Um ein Wort zu bilden, einfach mit dem Finger die Buchstaben verbinden. W\u00f6rter k\u00f6nnen nur aus Buchstaben gebildet werden, die zusammenh\u00e4ngen (Kreuz oder Quer).<\/p>\r\n<p>Die Punktzahl, die es f\u00fcr ein Wort gibt, ist die Summe der Buchstabenwerte. Das hei\u00dft, um so mehr seltene und damit h\u00f6her wertige Buchstaben ein Wort enth\u00e4lt, um so mehr Punkte erh\u00e4lt man. Die Farbe der Steine zeigt den Wert an: je dunkler die Farbe, umso mehr Punkte gibt es f\u00fcr diesen Buchstaben.<\/p>\r\n<p>Kreuz und Quer \u2122 \u00a0f\u00fcr das iPad ist einfach zu lernen und bietet langanhaltenden Spielspass.<\/p>\r\n<p><strong>Sammle Bonuspunkte<\/strong><\/p>\r\n<p>Ein Tipp: es geht vor- und r\u00fcckw\u00e4rts oder auch schr\u00e4g und man kann sogar Buchstaben mehrmals verwenden! Verbindet man ein Wort &#8220;Kreuz und Quer&#8221; auf dem Feld, verdreifacht man den Wortwert, verwendet man den gleichen Buchstaben doppelt, dann gibt es einen zweifach Bonus.<\/p>\r\n<p><strong>Features<\/strong><\/p>\r\n<p>&nbsp;<\/p>\r\n\r\n<ul class=\"wp-block-list\">\r\n<li style=\"list-style-type: none;\">\r\n<ul class=\"wp-block-list\"><\/p>\r\n<li>unendlich viele Spielfelder<\/li>\r\n\r\n\r\n<li>Joker f\u00fcr noch mehr Wortkombinationen<\/li>\r\n\r\n\r\n<li>deutsches W\u00f6rterbuch mit 180.000 Eintr\u00e4gen<\/li>\r\n\r\n\r\n<li>Einstellbare Spielfeldgr\u00f6\u00dfe: 5&#215;5, 7&#215;7, 9&#215;9<\/li>\r\n\r\n\r\n<li>Einstellbare Spielzeit je nach Spielfeldgr\u00f6\u00dfe<\/li>\r\n\r\n\r\n<li>Sch\u00fctteln um die Steine neu anzuordnen<\/li>\r\n\r\n\r\n<li>Online Highscore<\/li>\r\n<\/ul>\r\n<\/li>\r\n<\/ul>\r\n\r\n<p>Download des iPad-Spiels: einfach auf das AppStore-Bild klicken oder hier:\u00a0Kreuz und QuerTM f\u00fcr iPad jetzt kaufen.<\/p>\r\n<p>&nbsp;<\/p>\r\n\r\n<ul class=\"wp-block-list\">\r\n<li style=\"list-style-type: none;\">\r\n<ul class=\"wp-block-list\"><\/p>\r\n<li>Jetzt kaufen<\/li>\r\n\r\n\r\n<li>Anregungen<\/li>\r\n\r\n\r\n<li>Highscores iPhone<\/li>\r\n\r\n\r\n<li>Highscores iPad<\/li>\r\n\r\n\r\n<li>FAQ<\/li>\r\n<\/ul>\r\n<\/li>\r\n<\/ul>\r\n<p>&nbsp;<\/p>\r\n\r\n<h2 class=\"wp-block-heading\">So einfach, so gut: Den Wort-Such-Klassiker \u201eKreuz &amp; Quer\u201c gibt\u2019s nun auch als \u00e4u\u00dferst gelungene iPad-App.\u00a0<em>&#8220;Bitte gib mir nur ein Wort!&#8221;\u00a0<\/em>B.Z. Berlin<\/h2>\r\n<p><strong>Das sagen die Spieler:<\/strong><\/p>\r\n<p>Super\u00a0<span style=\"color: goldenrod;\">\u2605\u2605\u2605\u2605\u2605<\/span><br \/>\r\nMacht super Spass das Spiel, man m\u00f6chte gar nicht mehr aufh\u00f6ren. Was vielleicht nicht schlecht w\u00e4re, wenn W\u00f6rter schon vorgegeben sind und man das Wort suchen muss? Kurz um, klare Kaufempfehlung!<\/p>\r\n<p><em>von The Spotter \u2013 Version 2.02<\/em><\/p>\r\n<p>Auf der Couch im liegen&#8230;..\u00a0<span style=\"color: goldenrod;\">\u2605\u2605\u2605\u2605\u2605<\/span><br \/>\r\n&#8230;spielt es sich am besten \ud83d\ude42 Bereits die iPhone Version hat mir tierisch Spass bereitet. Klasse finde ich die Sonderbewertung bei mehrfach verwendeten Buchstaben in einem Wort.<\/p>\r\n<p><em>von Kekskopf \u2013 Version 2.02<\/em><\/p>\r\n<p>&nbsp;<\/p>\r\n<p>[\/vc_column_text][\/vc_column][vc_column width=&#8221;1\/6&#8243;][vc_single_image image=&#8221;5830&#8243; css=&#8221;.vc_custom_1724509424160{border-radius: 10px !important;}&#8221;][\/vc_column][\/vc_row]<\/p>\r\n","protected":false},"excerpt":{"rendered":"<p>[vc_row][vc_column][vc_single_image image=&#8221;5816&#8243; css=&#8221;.vc_custom_1724507651499{margin-top: 120px !important;border-radius: 10px !important;}&#8221;][ld_simple_heading] Kreuz und Quer [\/ld_simple_heading][\/vc_column][\/vc_row][vc_row][vc_column width=&#8221;5\/6&#8243;][vc_column_text] Finde die Worte im Buchstabensalat Der Klassiker f\u00fcr das iPhone nun auch auf dem iPad spielbar! Ziel des Spieles ist es, Buchstaben schnell zu kombinieren und m\u00f6glichst viele W\u00f6rter zu bilden. Um ein Wort zu bilden, einfach mit dem Finger die Buchstaben verbinden. [&hellip;]<\/p>\n","protected":false},"author":1,"featured_media":5816,"parent":0,"menu_order":0,"comment_status":"closed","ping_status":"closed","template":"redux-templates_contained","meta":{"footnotes":""},"class_list":["post-5843","page","type-page","status-publish","has-post-thumbnail","hentry"],"_links":{"self":[{"href":"https:\/\/www.palugu.com\/de\/wp-json\/wp\/v2\/pages\/5843","targetHints":{"allow":["GET"]}}],"collection":[{"href":"https:\/\/www.palugu.com\/de\/wp-json\/wp\/v2\/pages"}],"about":[{"href":"https:\/\/www.palugu.com\/de\/wp-json\/wp\/v2\/types\/page"}],"author":[{"embeddable":true,"href":"https:\/\/www.palugu.com\/de\/wp-json\/wp\/v2\/users\/1"}],"replies":[{"embeddable":true,"href":"https:\/\/www.palugu.com\/de\/wp-json\/wp\/v2\/comments?post=5843"}],"version-history":[{"count":1,"href":"https:\/\/www.palugu.com\/de\/wp-json\/wp\/v2\/pages\/5843\/revisions"}],"predecessor-version":[{"id":5895,"href":"https:\/\/www.palugu.com\/de\/wp-json\/wp\/v2\/pages\/5843\/revisions\/5895"}],"wp:featuredmedia":[{"embeddable":true,"href":"https:\/\/www.palugu.com\/de\/wp-json\/wp\/v2\/media\/5816"}],"wp:attachment":[{"href":"https:\/\/www.palugu.com\/de\/wp-json\/wp\/v2\/media?parent=5843"}],"curies":[{"name":"wp","href":"https:\/\/api.w.org\/{rel}","templated":true}]}}